{"id":198,"date":"2017-03-13T14:52:02","date_gmt":"2017-03-13T13:52:02","guid":{"rendered":"http:\/\/www.ensemble1684.de\/?page_id=198"},"modified":"2021-02-27T18:45:25","modified_gmt":"2021-02-27T17:45:25","slug":"rezensionen-und-zuschauerstimmen","status":"publish","type":"page","link":"https:\/\/www.ensemble1684.de\/gb\/rezensionen-und-zuschauerstimmen\/","title":{"rendered":"Rezensionen und Zuschauerstimmen"},"content":{"rendered":"<h2><strong>Zuschauerstimmen &amp; Presserezensionen<\/strong><\/h2>\n<p>Rezension: <a href=\"http:\/\/www.ensemble1684.de\/wp-content\/uploads\/2017\/07\/Kritik-K%C3%B6nigsbronn.jpg\" target=\"_blank\" rel=\"noopener\">S\u00fcdwest Presse K\u00f6nigsbronn (Juni 2017)<\/a><\/p>\n<p>Rezension: <a href=\"http:\/\/www.ensemble1684.de\/wp-content\/uploads\/2017\/06\/lvz-bachfest-2017.jpg\" target=\"_blank\" rel=\"noopener noreferrer\">Leipziger Volkszeitung (Bachfest Juni 2017)<\/a><\/p>\n<p>Rezension: <a href=\"http:\/\/www.ensemble1684.de\/wp-content\/uploads\/2017\/06\/NP-Ensemble-1684-_Coburg_280517.jpg\" target=\"_blank\" rel=\"noopener noreferrer\">Neue Presse Coburg (Mai 2017)<\/a><\/p>\n<p>Rezension: <a href=\"http:\/\/www.ensemble1684.de\/wp-content\/uploads\/2017\/06\/Musikalische-Sch\u00e4tze-erklangen-in-St.-Moriz_Ensemble-1684.pdf\">Musikalische Sch\u00e4tze erklangen in St. Moriz_Ensemble 1684<\/a> infranken.de (Mai 2017)<\/p>\n<p>Rezension: <a href=\"http:\/\/www.donaukurier.de\/lokales\/hilpoltstein\/Hilpoltstein-Lutherjahr-2017-Junger-Chor-brilliert-mit-Kirchenmusik;art596,3333298\">Donaukurier (M\u00e4rz 2017)<\/a><\/p>\n<p>Rezension: <a href=\"http:\/\/www.ensemble1684.de\/wp-content\/uploads\/2017\/03\/Ensemble-1684_Fr\u00e4nkische-Landeszeitung-v.-27.08.2016.jpg\">Augsburger Allgemeine (September 2016)<\/a><\/p>\n<p>Rezension: <a href=\"http:\/\/www.johann-rosenm\u00fcller.de\/xml\/wfxdirect\/res;jsessionid=AEB40C8A445E2C7D2E45190F22ADA72D.TCpfix102b?name=%27Ensemble%201684%27_Fr%C3%83%C2%A4nkische%20Landeszeitung%20v.%2027.08.2016.JPG\">Fr\u00e4nkische Landeszeitung (August 2016)<\/a><\/p>\n","protected":false},"excerpt":{"rendered":"<p>Zuschauerstimmen &amp; Presserezensionen Rezension: S\u00fcdwest Presse K\u00f6nigsbronn (Juni 2017) Rezension: Leipziger Volkszeitung (Bachfest Juni 2017) Rezension: Neue Presse Coburg (Mai 2017) Rezension: Musikalische Sch\u00e4tze erklangen in St. Moriz_Ensemble 1684 infranken.de (Mai 2017) Rezension: Donaukurier (M\u00e4rz 2017) Rezension: Augsburger Allgemeine (September 2016) Rezension: Fr\u00e4nkische Landeszeitung (August 2016)<\/p>\n<p> <a class=\"continue-reading-link\" href=\"https:\/\/www.ensemble1684.de\/gb\/rezensionen-und-zuschauerstimmen\/\"><span>Weiterlesen<\/span><i class=\"crycon-right-dir\"><\/i><\/a> <\/p>\n","protected":false},"author":2,"featured_media":0,"parent":0,"menu_order":0,"comment_status":"closed","ping_status":"closed","template":"","meta":{"footnotes":""},"class_list":["post-198","page","type-page","status-publish","hentry"],"translation":{"provider":"WPGlobus","version":"3.0.2","language":"gb","enabled_languages":["de","gb"],"languages":{"de":{"title":true,"content":true,"excerpt":false},"gb":{"title":false,"content":false,"excerpt":false}}},"_links":{"self":[{"href":"https:\/\/www.ensemble1684.de\/gb\/wp-json\/wp\/v2\/pages\/198","targetHints":{"allow":["GET"]}}],"collection":[{"href":"https:\/\/www.ensemble1684.de\/gb\/wp-json\/wp\/v2\/pages"}],"about":[{"href":"https:\/\/www.ensemble1684.de\/gb\/wp-json\/wp\/v2\/types\/page"}],"author":[{"embeddable":true,"href":"https:\/\/www.ensemble1684.de\/gb\/wp-json\/wp\/v2\/users\/2"}],"replies":[{"embeddable":true,"href":"https:\/\/www.ensemble1684.de\/gb\/wp-json\/wp\/v2\/comments?post=198"}],"version-history":[{"count":15,"href":"https:\/\/www.ensemble1684.de\/gb\/wp-json\/wp\/v2\/pages\/198\/revisions"}],"predecessor-version":[{"id":1879,"href":"https:\/\/www.ensemble1684.de\/gb\/wp-json\/wp\/v2\/pages\/198\/revisions\/1879"}],"wp:attachment":[{"href":"https:\/\/www.ensemble1684.de\/gb\/wp-json\/wp\/v2\/media?parent=198"}],"curies":[{"name":"wp","href":"https:\/\/api.w.org\/{rel}","templated":true}]}}