{"id":2274,"date":"2022-04-23T07:47:43","date_gmt":"2022-04-23T05:47:43","guid":{"rendered":"http:\/\/www.ensemble1684.de\/?page_id=2274"},"modified":"2025-04-19T10:23:09","modified_gmt":"2025-04-19T08:23:09","slug":"paedagogik","status":"publish","type":"page","link":"https:\/\/www.ensemble1684.de\/gb\/paedagogik\/","title":{"rendered":"P\u00e4dagogik"},"content":{"rendered":"\n<p>Wir verstehen uns als barockmusikalische Botschafter*innen und initiieren regelm\u00e4\u00dfig Kooperationsprojekte mit Kantoreien und (musik-)schulischen Ensembles.<\/p>\n\n\n\n<h2 class=\"wp-block-heading\">Eine musikalische Alpen\u00fcberquerung<\/h2>\n\n\n\n<figure class=\"wp-block-embed is-type-video is-provider-youtube wp-block-embed-youtube wp-embed-aspect-16-9 wp-has-aspect-ratio\"><div class=\"wp-block-embed__wrapper\">\n<iframe loading=\"lazy\" title=\"Ensemble 1684 - Eine musikalische Alpen\u00fcberquerung mit Johann Rosenm\u00fcller - Oelsnitz &amp; Wolfenb\u00fcttel\" width=\"770\" height=\"433\" src=\"https:\/\/www.youtube.com\/embed\/8x0c3JLiUSs?feature=oembed\" frameborder=\"0\" allow=\"accelerometer; autoplay; clipboard-write; encrypted-media; gyroscope; picture-in-picture; web-share\" referrerpolicy=\"strict-origin-when-cross-origin\" allowfullscreen><\/iframe>\n<\/div><\/figure>\n\n\n\n<h2 class=\"wp-block-heading\">In Italien spielt die Musik<\/h2>\n\n\n\n<p>Eine Reise in die Welt des Fr\u00fchbarock f\u00fcr Kinder und andere Entdecker.<\/p>\n\n\n\n<p><a href=\"http:\/\/www.ensemble1684.de\/wp-content\/uploads\/2022\/04\/Ensemble-1684_In-Italien-spielt-die-Musik_Flyer.pdf\">Flyer Ensemble 1684 In Italien spielt die Musik<\/a><\/p>\n\n\n\n<figure class=\"wp-block-image\"><img loading=\"lazy\" decoding=\"async\" width=\"1240\" height=\"827\" src=\"http:\/\/www.ensemble1684.de\/wp-content\/uploads\/2022\/04\/273_ensemble_1684-minden-1.jpg\" alt=\"\" class=\"wp-image-2282\" srcset=\"https:\/\/www.ensemble1684.de\/wp-content\/uploads\/2022\/04\/273_ensemble_1684-minden-1.jpg 1240w, https:\/\/www.ensemble1684.de\/wp-content\/uploads\/2022\/04\/273_ensemble_1684-minden-1-300x200.jpg 300w, https:\/\/www.ensemble1684.de\/wp-content\/uploads\/2022\/04\/273_ensemble_1684-minden-1-1024x683.jpg 1024w, https:\/\/www.ensemble1684.de\/wp-content\/uploads\/2022\/04\/273_ensemble_1684-minden-1-768x512.jpg 768w, https:\/\/www.ensemble1684.de\/wp-content\/uploads\/2022\/04\/273_ensemble_1684-minden-1-150x100.jpg 150w\" sizes=\"auto, (max-width: 1240px) 100vw, 1240px\" \/><\/figure>\n\n\n\n<p><\/p>\n","protected":false},"excerpt":{"rendered":"<p>Wir verstehen uns als barockmusikalische Botschafter*innen und initiieren regelm\u00e4\u00dfig Kooperationsprojekte mit Kantoreien und (musik-)schulischen Ensembles. Eine musikalische Alpen\u00fcberquerung In Italien spielt die Musik Eine Reise in die Welt des Fr\u00fchbarock f\u00fcr Kinder und andere Entdecker. Flyer Ensemble 1684 In Italien spielt die Musik<\/p>\n<p> <a class=\"continue-reading-link\" href=\"https:\/\/www.ensemble1684.de\/gb\/paedagogik\/\"><span>Weiterlesen<\/span><i class=\"crycon-right-dir\"><\/i><\/a> <\/p>\n","protected":false},"author":1,"featured_media":0,"parent":0,"menu_order":0,"comment_status":"closed","ping_status":"closed","template":"","meta":{"footnotes":""},"class_list":["post-2274","page","type-page","status-publish","hentry"],"translation":{"provider":"WPGlobus","version":"3.0.2","language":"gb","enabled_languages":["de","gb"],"languages":{"de":{"title":true,"content":true,"excerpt":false},"gb":{"title":false,"content":false,"excerpt":false}}},"_links":{"self":[{"href":"https:\/\/www.ensemble1684.de\/gb\/wp-json\/wp\/v2\/pages\/2274","targetHints":{"allow":["GET"]}}],"collection":[{"href":"https:\/\/www.ensemble1684.de\/gb\/wp-json\/wp\/v2\/pages"}],"about":[{"href":"https:\/\/www.ensemble1684.de\/gb\/wp-json\/wp\/v2\/types\/page"}],"author":[{"embeddable":true,"href":"https:\/\/www.ensemble1684.de\/gb\/wp-json\/wp\/v2\/users\/1"}],"replies":[{"embeddable":true,"href":"https:\/\/www.ensemble1684.de\/gb\/wp-json\/wp\/v2\/comments?post=2274"}],"version-history":[{"count":6,"href":"https:\/\/www.ensemble1684.de\/gb\/wp-json\/wp\/v2\/pages\/2274\/revisions"}],"predecessor-version":[{"id":4965,"href":"https:\/\/www.ensemble1684.de\/gb\/wp-json\/wp\/v2\/pages\/2274\/revisions\/4965"}],"wp:attachment":[{"href":"https:\/\/www.ensemble1684.de\/gb\/wp-json\/wp\/v2\/media?parent=2274"}],"curies":[{"name":"wp","href":"https:\/\/api.w.org\/{rel}","templated":true}]}}