{"id":3164,"date":"2023-06-05T17:18:26","date_gmt":"2023-06-05T15:18:26","guid":{"rendered":"https:\/\/www.ensemble1684.de\/?page_id=3164"},"modified":"2025-04-25T19:02:26","modified_gmt":"2025-04-25T17:02:26","slug":"kontakt","status":"publish","type":"page","link":"https:\/\/www.ensemble1684.de\/gb\/ensemble\/kontakt\/","title":{"rendered":"Vorstellung"},"content":{"rendered":"\n<h2 class=\"wp-block-heading\">Das Ensemble 1684<\/h2>\n\n\n\n<p>Hier k\u00f6nnen Sie sich die Vorstellung unseres Ensembles herunterladen: <\/p>\n\n\n\n<p><a href=\"https:\/\/www.ensemble1684.de\/Vorstellung_Ensemble1684.pdf\">https:\/\/www.ensemble1684.de\/Vorstellung_Ensemble1684.pdf<\/a><\/p>\n\n\n\n<p><\/p>\n\n\n\n<figure class=\"wp-block-image size-large\"><a href=\"https:\/\/www.ensemble1684.de\/wp-content\/uploads\/2023\/04\/2022_09_23_Ensemble1684_Sommersaal_hq-1-scaled.jpg\"><img loading=\"lazy\" decoding=\"async\" width=\"1024\" height=\"683\" src=\"https:\/\/www.ensemble1684.de\/wp-content\/uploads\/2023\/04\/2022_09_23_Ensemble1684_Sommersaal_hq-1-1024x683.jpg\" alt=\"\" class=\"wp-image-3083\" srcset=\"https:\/\/www.ensemble1684.de\/wp-content\/uploads\/2023\/04\/2022_09_23_Ensemble1684_Sommersaal_hq-1-1024x683.jpg 1024w, https:\/\/www.ensemble1684.de\/wp-content\/uploads\/2023\/04\/2022_09_23_Ensemble1684_Sommersaal_hq-1-300x200.jpg 300w, https:\/\/www.ensemble1684.de\/wp-content\/uploads\/2023\/04\/2022_09_23_Ensemble1684_Sommersaal_hq-1-768x512.jpg 768w, https:\/\/www.ensemble1684.de\/wp-content\/uploads\/2023\/04\/2022_09_23_Ensemble1684_Sommersaal_hq-1-1536x1024.jpg 1536w, https:\/\/www.ensemble1684.de\/wp-content\/uploads\/2023\/04\/2022_09_23_Ensemble1684_Sommersaal_hq-1-2048x1365.jpg 2048w, https:\/\/www.ensemble1684.de\/wp-content\/uploads\/2023\/04\/2022_09_23_Ensemble1684_Sommersaal_hq-1-150x100.jpg 150w\" sizes=\"auto, (max-width: 1024px) 100vw, 1024px\" \/><\/a><\/figure>\n\n\n\n<p><br>Das von Markus Antler (geb. Berger) und dem Leiter des Leipziger GewandhausChores Gregor Meyer gegr\u00fcndete und von letzterem k\u00fcnstlerisch geleitete Ensemble 1684 widmet sich vorrangig der Pflege<br>vorbachscher Barockmusik. Den aktuellen Schwerpunkt bildet das \u0152uvre Johann Rosenm\u00fcllers, der die zweite H\u00e4lfte des 17. Jahrhunderts musikalisch wie kaum ein anderer gepr\u00e4gt hat. Insbesondere zu Rosenm\u00fcller entfaltet das Ensemble auch eine rege Forschungs- und Editionst\u00e4tigkeit; die meisten der aufgef\u00fchrten Werke werden zum Teil aus handschriftlichen Quellen und fr\u00fchen Drucken f\u00fcr die Programme neu erschlossen, andere werden partiell rekonstruiert.<\/p>\n\n\n\n<p>Dar\u00fcber hinaus ist die Musik der Thomaskantoren vor Bach (Johann Schelle, Johann Hermann Schein, Sebastian Kn\u00fcpfer) wichtiger Bestandteil der Arbeit des Ensembles und zeigt die vielf\u00e4ltigen musikalischen Beziehungen innerhalb der mitteldeutschen Musikwelt dieser Zeit. Auch Werke von Heinrich Sch\u00fctz stehen regelm\u00e4\u00dfig auf dem Programm und erg\u00e4nzen das Repertoire.<\/p>\n\n\n\n<p>Mehrfach hat das Ensemble 1684 die musikalischen Beziehungen zwischen den fr\u00fchen Kompositionen Johann Sebastian Bachs und der Musik seiner Vorg\u00e4nger im Amt des Thomaskantorats abgebildet. Die in der Tradition der komplexen Formensprache des 17. Jahrhunderts stehenden fr\u00fchen Kantaten BWV 4, BWV 106, BWV 150 und BWV 158 sind mittlerweile fester Repertoirebestandteil des Ensembles.<\/p>\n\n\n\n<p>Ab 2024 m\u00f6chte sich das Ensemble fokussiert mit zwei Schl\u00fcsselwerken des mehrch\u00f6rigen Musizieren befassen: Monteverdis Marienvesper (1610) und Bachs Urfassung seiner Matth\u00e4uspassion (1727). Die K\u00fcnstlerinnen des Ensemble 1684 verstehen sich zudem als barockmusikalische Botschafterinnen. Regelm\u00e4\u00dfig werden Kooperationsprojekte mit Kantoreien und schulischen Ensembles initiiert sowie niederschwellige Konzertformate etabliert, um m\u00f6glichst vielen Menschen den Reichtum mitteldeutscher Barockmusik nahezubringen.<\/p>\n\n\n\n<p>Das Ensemble ist regelm\u00e4\u00dfiger Gast bedeutender Reihen und Festivals, u.a. beim Leipziger Bachfest, Heinrich-Sch\u00fctz-Musikfest, Musiksommer Staufen, MDR-Musiksommer und den bei den Th\u00fcringer Bachwochen. Die ersten CDs mit einem Querschnitt durch das Schaffen Johann Rosenm\u00fcllers erschienen 2017, 2021 und 2024.<\/p>\n\n\n\n<figure class=\"wp-block-image size-large\"><img loading=\"lazy\" decoding=\"async\" width=\"1024\" height=\"683\" src=\"https:\/\/www.ensemble1684.de\/wp-content\/uploads\/2023\/06\/2022_09_23_Ensemble1684_Sommersaal_web-4-schoen-gross-1024x683.jpg\" alt=\"\" class=\"wp-image-3174\" srcset=\"https:\/\/www.ensemble1684.de\/wp-content\/uploads\/2023\/06\/2022_09_23_Ensemble1684_Sommersaal_web-4-schoen-gross-1024x683.jpg 1024w, https:\/\/www.ensemble1684.de\/wp-content\/uploads\/2023\/06\/2022_09_23_Ensemble1684_Sommersaal_web-4-schoen-gross-300x200.jpg 300w, https:\/\/www.ensemble1684.de\/wp-content\/uploads\/2023\/06\/2022_09_23_Ensemble1684_Sommersaal_web-4-schoen-gross-768x512.jpg 768w, https:\/\/www.ensemble1684.de\/wp-content\/uploads\/2023\/06\/2022_09_23_Ensemble1684_Sommersaal_web-4-schoen-gross-1536x1024.jpg 1536w, https:\/\/www.ensemble1684.de\/wp-content\/uploads\/2023\/06\/2022_09_23_Ensemble1684_Sommersaal_web-4-schoen-gross-2048x1365.jpg 2048w, https:\/\/www.ensemble1684.de\/wp-content\/uploads\/2023\/06\/2022_09_23_Ensemble1684_Sommersaal_web-4-schoen-gross-150x100.jpg 150w\" sizes=\"auto, (max-width: 1024px) 100vw, 1024px\" \/><\/figure>\n","protected":false},"excerpt":{"rendered":"<p>Das Ensemble 1684 Hier k\u00f6nnen Sie sich die Vorstellung unseres Ensembles herunterladen: https:\/\/www.ensemble1684.de\/Vorstellung_Ensemble1684.pdf Das von Markus Antler (geb. Berger) und dem Leiter des Leipziger GewandhausChores Gregor Meyer gegr\u00fcndete und von letzterem k\u00fcnstlerisch geleitete Ensemble 1684 widmet sich vorrangig der Pflegevorbachscher Barockmusik. Den aktuellen Schwerpunkt bildet das \u0152uvre Johann Rosenm\u00fcllers, der die zweite H\u00e4lfte des 17. Jahrhunderts musikalisch wie kaum ein anderer gepr\u00e4gt hat. Insbesondere zu Rosenm\u00fcller entfaltet das Ensemble auch eine rege Forschungs- und Editionst\u00e4tigkeit; die meisten der aufgef\u00fchrten Werke werden zum Teil aus handschriftlichen Quellen und fr\u00fchen Drucken f\u00fcr die Programme neu erschlossen, andere werden partiell rekonstruiert. Dar\u00fcber hinaus ist die Musik der Thomaskantoren vor Bach (Johann Schelle, Johann Hermann Schein, Sebastian Kn\u00fcpfer) wichtiger Bestandteil der Arbeit des Ensembles und zeigt die vielf\u00e4ltigen musikalischen Beziehungen innerhalb der mitteldeutschen Musikwelt dieser Zeit. Auch Werke von Heinrich Sch\u00fctz stehen regelm\u00e4\u00dfig auf dem Programm und erg\u00e4nzen das Repertoire. Mehrfach hat das Ensemble\u2026<\/p>\n<p> <a class=\"continue-reading-link\" href=\"https:\/\/www.ensemble1684.de\/gb\/ensemble\/kontakt\/\"><span>Weiterlesen<\/span><i class=\"crycon-right-dir\"><\/i><\/a> <\/p>\n","protected":false},"author":2,"featured_media":0,"parent":2,"menu_order":0,"comment_status":"closed","ping_status":"closed","template":"","meta":{"footnotes":""},"class_list":["post-3164","page","type-page","status-publish","hentry"],"translation":{"provider":"WPGlobus","version":"3.0.2","language":"gb","enabled_languages":["de","gb"],"languages":{"de":{"title":true,"content":true,"excerpt":false},"gb":{"title":false,"content":false,"excerpt":false}}},"_links":{"self":[{"href":"https:\/\/www.ensemble1684.de\/gb\/wp-json\/wp\/v2\/pages\/3164","targetHints":{"allow":["GET"]}}],"collection":[{"href":"https:\/\/www.ensemble1684.de\/gb\/wp-json\/wp\/v2\/pages"}],"about":[{"href":"https:\/\/www.ensemble1684.de\/gb\/wp-json\/wp\/v2\/types\/page"}],"author":[{"embeddable":true,"href":"https:\/\/www.ensemble1684.de\/gb\/wp-json\/wp\/v2\/users\/2"}],"replies":[{"embeddable":true,"href":"https:\/\/www.ensemble1684.de\/gb\/wp-json\/wp\/v2\/comments?post=3164"}],"version-history":[{"count":11,"href":"https:\/\/www.ensemble1684.de\/gb\/wp-json\/wp\/v2\/pages\/3164\/revisions"}],"predecessor-version":[{"id":4971,"href":"https:\/\/www.ensemble1684.de\/gb\/wp-json\/wp\/v2\/pages\/3164\/revisions\/4971"}],"up":[{"embeddable":true,"href":"https:\/\/www.ensemble1684.de\/gb\/wp-json\/wp\/v2\/pages\/2"}],"wp:attachment":[{"href":"https:\/\/www.ensemble1684.de\/gb\/wp-json\/wp\/v2\/media?parent=3164"}],"curies":[{"name":"wp","href":"https:\/\/api.w.org\/{rel}","templated":true}]}}