{"id":5,"date":"2017-03-09T11:24:29","date_gmt":"2017-03-09T10:24:29","guid":{"rendered":"http:\/\/u58807.user.hosting-agency.de\/wordpress\/?page_id=5"},"modified":"2026-05-09T15:18:18","modified_gmt":"2026-05-09T13:18:18","slug":"termine","status":"publish","type":"page","link":"https:\/\/www.ensemble1684.de\/gb\/termine\/","title":{"rendered":"Events"},"content":{"rendered":"\n<h2 class=\"wp-block-heading\">Kommende Termine<\/h2>\n\n\n\n<figure class=\"wp-block-table is-style-stripes\"><table><tbody><tr><td><strong>17.06.2026<\/strong><br>09:30 Uhr<\/td><td>Leipzig, <br>Peterskirche<\/td><td><strong>No 118 &#8211; Mette im Bachfest<\/strong><br><a href=\"https:\/\/www.bachfestleipzig.de\/de\/bachfest\/no-118-mette\" data-type=\"link\" data-id=\"https:\/\/www.bachfestleipzig.de\/de\/bachfest\/no-118-mette\">Weitere Informationen auf der Seite des Bachfests Leipzig<\/a><\/td><\/tr><tr><td><strong>21.08.2026<\/strong><br>18:00 Uhr<\/td><td>R\u00f6tha,<br>Marienkirche<\/td><td><strong>Live-Einblick: Die neue CD in voller L\u00e4nge!<\/strong><br>Werke von Rosenm\u00fcller<br>Bei Interesse bitte Mail an <span class=\"pep-email\">kontakt(Das at Zeichen sollte hier nicht erscheinen)ensemble1684.de<\/span> schicken. <\/td><\/tr><tr><td><strong>12.12.2026<\/strong><br>20:00 Uhr<\/td><td>Wolkenstein (Val Gardena, IT),<br>Pfarrkirche Maria Hilf<\/td><td><strong>Luce nella notte &#8211;  Licht in der Nacht<\/strong><br>Adventsmusik von Sch\u00fctz, Rosenm\u00fcller, Hassler u.a.<\/td><\/tr><tr><td><strong>13.12.2026<\/strong><br>18:00 Uhr<\/td><td>Bozen (IT), <br>Franziskanerkirche<\/td><td><strong>Luce nella notte &#8211;  Licht in der Nacht<\/strong><br>Adventsmusik von Sch\u00fctz, Rosenm\u00fcller, Hassler u.a.<br><a href=\"https:\/\/www.ticket.bz.it\/application.aspx?id=9069\" data-type=\"link\" data-id=\"https:\/\/www.ticket.bz.it\/application.aspx?id=9069\" target=\"_blank\" rel=\"noreferrer noopener\">Tickets<\/a><\/td><\/tr><\/tbody><\/table><\/figure>\n\n\n\n<p><br><\/p>\n","protected":false},"excerpt":{"rendered":"<p>Kommende Termine 17.06.202609:30 Uhr Leipzig, Peterskirche No 118 &#8211; Mette im BachfestWeitere Informationen auf der Seite des Bachfests Leipzig 21.08.202618:00 Uhr R\u00f6tha,Marienkirche Live-Einblick: Die neue CD in voller L\u00e4nge!Werke von Rosenm\u00fcllerBei Interesse bitte Mail an kontakt(Das at Zeichen sollte hier nicht erscheinen)ensemble1684.de schicken. 12.12.202620:00 Uhr Wolkenstein (Val Gardena, IT),Pfarrkirche Maria Hilf Luce nella notte &#8211; Licht in der NachtAdventsmusik von Sch\u00fctz, Rosenm\u00fcller, Hassler u.a. 13.12.202618:00 Uhr Bozen (IT), Franziskanerkirche Luce nella notte &#8211; Licht in der NachtAdventsmusik von Sch\u00fctz, Rosenm\u00fcller, Hassler u.a.Tickets<\/p>\n<p> <a class=\"continue-reading-link\" href=\"https:\/\/www.ensemble1684.de\/gb\/termine\/\"><span>Weiterlesen<\/span><i class=\"crycon-right-dir\"><\/i><\/a> <\/p>\n","protected":false},"author":1,"featured_media":0,"parent":0,"menu_order":0,"comment_status":"closed","ping_status":"closed","template":"","meta":{"footnotes":""},"class_list":["post-5","page","type-page","status-publish","hentry"],"translation":{"provider":"WPGlobus","version":"3.0.2","language":"gb","enabled_languages":["de","gb"],"languages":{"de":{"title":true,"content":true,"excerpt":false},"gb":{"title":true,"content":false,"excerpt":false}}},"_links":{"self":[{"href":"https:\/\/www.ensemble1684.de\/gb\/wp-json\/wp\/v2\/pages\/5","targetHints":{"allow":["GET"]}}],"collection":[{"href":"https:\/\/www.ensemble1684.de\/gb\/wp-json\/wp\/v2\/pages"}],"about":[{"href":"https:\/\/www.ensemble1684.de\/gb\/wp-json\/wp\/v2\/types\/page"}],"author":[{"embeddable":true,"href":"https:\/\/www.ensemble1684.de\/gb\/wp-json\/wp\/v2\/users\/1"}],"replies":[{"embeddable":true,"href":"https:\/\/www.ensemble1684.de\/gb\/wp-json\/wp\/v2\/comments?post=5"}],"version-history":[{"count":133,"href":"https:\/\/www.ensemble1684.de\/gb\/wp-json\/wp\/v2\/pages\/5\/revisions"}],"predecessor-version":[{"id":5141,"href":"https:\/\/www.ensemble1684.de\/gb\/wp-json\/wp\/v2\/pages\/5\/revisions\/5141"}],"wp:attachment":[{"href":"https:\/\/www.ensemble1684.de\/gb\/wp-json\/wp\/v2\/media?parent=5"}],"curies":[{"name":"wp","href":"https:\/\/api.w.org\/{rel}","templated":true}]}}